{"id":3,"date":"2023-06-19T15:33:34","date_gmt":"2023-06-19T15:33:34","guid":{"rendered":"https:\/\/capitalfmbolivia.com\/?page_id=3"},"modified":"2025-05-19T23:18:55","modified_gmt":"2025-05-20T03:18:55","slug":"privacy-policy","status":"publish","type":"page","link":"https:\/\/capitalfmbolivia.com\/web\/privacy-policy\/","title":{"rendered":"Pol\u00edtica de Privacidad"},"content":{"rendered":"\r\n<p class=\"\" data-start=\"290\" data-end=\"554\">En <strong data-start=\"293\" data-end=\"323\">Red Chuquisaque\u00f1a<\/strong>, valoramos y respetamos tu privacidad. Esta Pol\u00edtica de Privacidad explica c\u00f3mo recopilamos, usamos y protegemos tu informaci\u00f3n cuando visitas nuestro sitio web: <a class=\"cursor-pointer\" target=\"_new\" rel=\"noopener\" data-start=\"486\" data-end=\"553\">www.redchuquisaquena.com www.capitalfmbolivia.com <\/a>.<\/p>\r\n<h3 class=\"wp-block-heading\" data-start=\"556\" data-end=\"590\">1. Informaci\u00f3n que recopilamos<\/h3>\r\n<p class=\"\" data-start=\"591\" data-end=\"645\">Podemos recopilar los siguientes tipos de informaci\u00f3n:<\/p>\r\n<ul data-start=\"646\" data-end=\"956\">\r\n<li class=\"\" data-start=\"646\" data-end=\"817\">\r\n<p class=\"\" data-start=\"648\" data-end=\"817\"><strong data-start=\"648\" data-end=\"669\">Datos personales:<\/strong> nombre, correo electr\u00f3nico u otros datos que nos proporciones voluntariamente (por ejemplo, al suscribirte a un bolet\u00edn o participar en encuestas).<\/p>\r\n<\/li>\r\n<li class=\"\" data-start=\"818\" data-end=\"956\">\r\n<p class=\"\" data-start=\"820\" data-end=\"956\"><strong data-start=\"820\" data-end=\"839\">Datos t\u00e9cnicos:<\/strong> direcci\u00f3n IP, tipo de navegador, dispositivo, sistema operativo, y datos de navegaci\u00f3n recopilados mediante cookies.<\/p>\r\n<\/li>\r\n<\/ul>\r\n<h3 class=\"\" data-start=\"958\" data-end=\"986\">2. Uso de la informaci\u00f3n<\/h3>\r\n<p class=\"\" data-start=\"987\" data-end=\"1018\">Utilizamos la informaci\u00f3n para:<\/p>\r\n<ul data-start=\"1019\" data-end=\"1184\">\r\n<li class=\"\" data-start=\"1019\" data-end=\"1072\">\r\n<p class=\"\" data-start=\"1021\" data-end=\"1072\">Mejorar el contenido y funcionamiento del sitio web<\/p>\r\n<\/li>\r\n<li class=\"\" data-start=\"1073\" data-end=\"1127\">\r\n<p class=\"\" data-start=\"1075\" data-end=\"1127\">Enviar actualizaciones o noticias si te has suscrito<\/p>\r\n<\/li>\r\n<li class=\"\" data-start=\"1128\" data-end=\"1184\">\r\n<p class=\"\" data-start=\"1130\" data-end=\"1184\">Realizar an\u00e1lisis estad\u00edsticos sobre nuestra audiencia<\/p>\r\n<\/li>\r\n<\/ul>\r\n<h3 class=\"\" data-start=\"1186\" data-end=\"1200\">3. Cookies<\/h3>\r\n<p class=\"\" data-start=\"1201\" data-end=\"1332\">Usamos cookies para ofrecer una mejor experiencia de usuario. Puedes desactivar las cookies desde la configuraci\u00f3n de tu navegador.<\/p>\r\n<h3 class=\"\" data-start=\"1334\" data-end=\"1360\">4. Protecci\u00f3n de datos<\/h3>\r\n<p class=\"\" data-start=\"1361\" data-end=\"1489\">Implementamos medidas t\u00e9cnicas y organizativas para proteger tus datos contra el acceso no autorizado, la p\u00e9rdida o destrucci\u00f3n.<\/p>\r\n<h3 class=\"\" data-start=\"1491\" data-end=\"1514\">5. Enlaces externos<\/h3>\r\n<p class=\"\" data-start=\"1515\" data-end=\"1666\">Nuestro sitio puede contener enlaces a sitios de terceros. No nos responsabilizamos por el contenido ni por las pol\u00edticas de privacidad de esos sitios.<\/p>\r\n<h3 class=\"\" data-start=\"1668\" data-end=\"1687\">6. Tus derechos<\/h3>\r\n<p class=\"\" data-start=\"1688\" data-end=\"1852\">Tienes derecho a acceder, modificar o eliminar tus datos personales. Para ejercer estos derechos, cont\u00e1ctanos a trav\u00e9s del correo: <strong data-start=\"1819\" data-end=\"1852\"><a class=\"cursor-pointer\" rel=\"noopener\" data-start=\"1821\" data-end=\"1850\">contacto@redchuquisaquena.com<\/a><\/strong><\/p>\r\n","protected":false},"excerpt":{"rendered":"<p>En Red Chuquisaque\u00f1a, valoramos y respetamos tu privacidad. Esta Pol\u00edtica de Privacidad explica c\u00f3mo recopilamos,&#8230;<\/p>\n","protected":false},"author":1,"featured_media":0,"parent":0,"menu_order":0,"comment_status":"closed","ping_status":"open","template":"","meta":{"footnotes":""},"class_list":["post-3","page","type-page","status-publish","hentry"],"_links":{"self":[{"href":"https:\/\/capitalfmbolivia.com\/web\/wp-json\/wp\/v2\/pages\/3","targetHints":{"allow":["GET"]}}],"collection":[{"href":"https:\/\/capitalfmbolivia.com\/web\/wp-json\/wp\/v2\/pages"}],"about":[{"href":"https:\/\/capitalfmbolivia.com\/web\/wp-json\/wp\/v2\/types\/page"}],"author":[{"embeddable":true,"href":"https:\/\/capitalfmbolivia.com\/web\/wp-json\/wp\/v2\/users\/1"}],"replies":[{"embeddable":true,"href":"https:\/\/capitalfmbolivia.com\/web\/wp-json\/wp\/v2\/comments?post=3"}],"version-history":[{"count":1,"href":"https:\/\/capitalfmbolivia.com\/web\/wp-json\/wp\/v2\/pages\/3\/revisions"}],"predecessor-version":[{"id":955,"href":"https:\/\/capitalfmbolivia.com\/web\/wp-json\/wp\/v2\/pages\/3\/revisions\/955"}],"wp:attachment":[{"href":"https:\/\/capitalfmbolivia.com\/web\/wp-json\/wp\/v2\/media?parent=3"}],"curies":[{"name":"wp","href":"https:\/\/api.w.org\/{rel}","templated":true}]}}